{"id":10,"date":"2026-03-26T18:06:42","date_gmt":"2026-03-26T18:06:42","guid":{"rendered":"https:\/\/mfsmarin.com\/gallery\/"},"modified":"2026-04-08T21:02:56","modified_gmt":"2026-04-08T21:02:56","slug":"gallery","status":"publish","type":"page","link":"https:\/\/mfsmarin.com\/?page_id=10","title":{"rendered":"Galerija"},"content":{"rendered":"\t\t<div data-elementor-type=\"wp-page\" data-elementor-id=\"10\" class=\"elementor elementor-10\">\n\t\t\t\t<div class=\"elementor-element elementor-element-b365a3d e-flex e-con-boxed e-con e-parent\" data-id=\"b365a3d\" data-element_type=\"container\" data-e-type=\"container\">\n\t\t\t\t\t<div class=\"e-con-inner\">\n\t\t<div class=\"elementor-element elementor-element-ce42c3a e-con-full e-flex e-con e-child\" data-id=\"ce42c3a\" data-element_type=\"container\" data-e-type=\"container\">\n\t\t\t\t<div class=\"elementor-element elementor-element-a7265cc elementor-widget elementor-widget-image\" data-id=\"a7265cc\" data-element_type=\"widget\" data-e-type=\"widget\" data-widget_type=\"image.default\">\n\t\t\t\t\t\t\t\t\t\t\t\t\t\t\t<img decoding=\"async\" width=\"150\" height=\"150\" src=\"https:\/\/mfsmarin.com\/wp-content\/uploads\/2026\/03\/cropped-Marin-logo-150x150.jpeg\" class=\"attachment-thumbnail size-thumbnail wp-image-118\" alt=\"\" srcset=\"https:\/\/mfsmarin.com\/wp-content\/uploads\/2026\/03\/cropped-Marin-logo-150x150.jpeg 150w, https:\/\/mfsmarin.com\/wp-content\/uploads\/2026\/03\/cropped-Marin-logo-300x300.jpeg 300w, https:\/\/mfsmarin.com\/wp-content\/uploads\/2026\/03\/cropped-Marin-logo-270x270.jpeg 270w, https:\/\/mfsmarin.com\/wp-content\/uploads\/2026\/03\/cropped-Marin-logo-192x192.jpeg 192w, https:\/\/mfsmarin.com\/wp-content\/uploads\/2026\/03\/cropped-Marin-logo-180x180.jpeg 180w, https:\/\/mfsmarin.com\/wp-content\/uploads\/2026\/03\/cropped-Marin-logo-32x32.jpeg 32w, https:\/\/mfsmarin.com\/wp-content\/uploads\/2026\/03\/cropped-Marin-logo.jpeg 512w\" sizes=\"(max-width: 150px) 100vw, 150px\" \/>\t\t\t\t\t\t\t\t\t\t\t\t\t\t\t<\/div>\n\t\t\t\t<div class=\"elementor-element elementor-element-c4c6445 elementor-widget elementor-widget-image\" data-id=\"c4c6445\" data-element_type=\"widget\" data-e-type=\"widget\" data-widget_type=\"image.default\">\n\t\t\t\t\t\t\t\t\t\t\t\t\t\t\t<img fetchpriority=\"high\" decoding=\"async\" width=\"300\" height=\"300\" src=\"https:\/\/mfsmarin.com\/wp-content\/uploads\/2026\/03\/cropped-Marin-2-300x300.jpeg\" class=\"attachment-medium size-medium wp-image-277\" alt=\"\" srcset=\"https:\/\/mfsmarin.com\/wp-content\/uploads\/2026\/03\/cropped-Marin-2-300x300.jpeg 300w, https:\/\/mfsmarin.com\/wp-content\/uploads\/2026\/03\/cropped-Marin-2-150x150.jpeg 150w, https:\/\/mfsmarin.com\/wp-content\/uploads\/2026\/03\/cropped-Marin-2-270x270.jpeg 270w, https:\/\/mfsmarin.com\/wp-content\/uploads\/2026\/03\/cropped-Marin-2-192x192.jpeg 192w, https:\/\/mfsmarin.com\/wp-content\/uploads\/2026\/03\/cropped-Marin-2-180x180.jpeg 180w, https:\/\/mfsmarin.com\/wp-content\/uploads\/2026\/03\/cropped-Marin-2-32x32.jpeg 32w, https:\/\/mfsmarin.com\/wp-content\/uploads\/2026\/03\/cropped-Marin-2.jpeg 512w\" sizes=\"(max-width: 300px) 100vw, 300px\" \/>\t\t\t\t\t\t\t\t\t\t\t\t\t\t\t<\/div>\n\t\t\t\t<div class=\"elementor-element elementor-element-2223834 elementor-widget elementor-widget-image\" data-id=\"2223834\" data-element_type=\"widget\" data-e-type=\"widget\" data-widget_type=\"image.default\">\n\t\t\t\t\t\t\t\t\t\t\t\t\t\t\t<img decoding=\"async\" width=\"225\" height=\"300\" src=\"https:\/\/mfsmarin.com\/wp-content\/uploads\/2026\/03\/Marin-1-1-225x300.jpeg\" class=\"attachment-medium size-medium wp-image-293\" alt=\"\" srcset=\"https:\/\/mfsmarin.com\/wp-content\/uploads\/2026\/03\/Marin-1-1-225x300.jpeg 225w, https:\/\/mfsmarin.com\/wp-content\/uploads\/2026\/03\/Marin-1-1-768x1024.jpeg 768w, https:\/\/mfsmarin.com\/wp-content\/uploads\/2026\/03\/Marin-1-1-1152x1536.jpeg 1152w, https:\/\/mfsmarin.com\/wp-content\/uploads\/2026\/03\/Marin-1-1.jpeg 1536w\" sizes=\"(max-width: 225px) 100vw, 225px\" \/>\t\t\t\t\t\t\t\t\t\t\t\t\t\t\t<\/div>\n\t\t\t\t<\/div>\n\t\t<div class=\"elementor-element elementor-element-60ffb07 e-con-full e-flex e-con e-child\" data-id=\"60ffb07\" data-element_type=\"container\" data-e-type=\"container\">\n\t\t\t\t<div class=\"elementor-element elementor-element-8653a4d elementor-widget elementor-widget-image\" data-id=\"8653a4d\" data-element_type=\"widget\" data-e-type=\"widget\" data-widget_type=\"image.default\">\n\t\t\t\t\t\t\t\t\t\t\t\t\t\t\t<img loading=\"lazy\" decoding=\"async\" width=\"225\" height=\"300\" src=\"https:\/\/mfsmarin.com\/wp-content\/uploads\/2026\/03\/Marin-3-225x300.jpeg\" class=\"attachment-medium size-medium wp-image-259\" alt=\"\" srcset=\"https:\/\/mfsmarin.com\/wp-content\/uploads\/2026\/03\/Marin-3-225x300.jpeg 225w, https:\/\/mfsmarin.com\/wp-content\/uploads\/2026\/03\/Marin-3-768x1024.jpeg 768w, https:\/\/mfsmarin.com\/wp-content\/uploads\/2026\/03\/Marin-3-1152x1536.jpeg 1152w, https:\/\/mfsmarin.com\/wp-content\/uploads\/2026\/03\/Marin-3.jpeg 1536w\" sizes=\"(max-width: 225px) 100vw, 225px\" \/>\t\t\t\t\t\t\t\t\t\t\t\t\t\t\t<\/div>\n\t\t\t\t<div class=\"elementor-element elementor-element-44b4910 elementor-widget elementor-widget-image\" data-id=\"44b4910\" data-element_type=\"widget\" data-e-type=\"widget\" data-widget_type=\"image.default\">\n\t\t\t\t\t\t\t\t\t\t\t\t\t\t\t<img decoding=\"async\" src=\"https:\/\/mfsmarin.com\/wp-content\/uploads\/2026\/03\/Marin-12.jpg\" title=\"\" alt=\"\" loading=\"lazy\" \/>\t\t\t\t\t\t\t\t\t\t\t\t\t\t\t<\/div>\n\t\t\t\t<div class=\"elementor-element elementor-element-0b7857c elementor-widget elementor-widget-image\" data-id=\"0b7857c\" data-element_type=\"widget\" data-e-type=\"widget\" data-widget_type=\"image.default\">\n\t\t\t\t\t\t\t\t\t\t\t\t\t\t\t<img loading=\"lazy\" decoding=\"async\" width=\"300\" height=\"225\" src=\"https:\/\/mfsmarin.com\/wp-content\/uploads\/2026\/04\/Marin-sa-strane-3-300x225.jpeg\" class=\"attachment-medium size-medium wp-image-548\" alt=\"\" srcset=\"https:\/\/mfsmarin.com\/wp-content\/uploads\/2026\/04\/Marin-sa-strane-3-300x225.jpeg 300w, https:\/\/mfsmarin.com\/wp-content\/uploads\/2026\/04\/Marin-sa-strane-3-1024x768.jpeg 1024w, https:\/\/mfsmarin.com\/wp-content\/uploads\/2026\/04\/Marin-sa-strane-3-768x576.jpeg 768w, https:\/\/mfsmarin.com\/wp-content\/uploads\/2026\/04\/Marin-sa-strane-3-1536x1152.jpeg 1536w, https:\/\/mfsmarin.com\/wp-content\/uploads\/2026\/04\/Marin-sa-strane-3.jpeg 2016w\" sizes=\"(max-width: 300px) 100vw, 300px\" \/>\t\t\t\t\t\t\t\t\t\t\t\t\t\t\t<\/div>\n\t\t\t\t<\/div>\n\t\t<div class=\"elementor-element elementor-element-1d8f616 e-con-full e-flex e-con e-child\" data-id=\"1d8f616\" data-element_type=\"container\" data-e-type=\"container\">\n\t\t\t\t<div class=\"elementor-element elementor-element-dfb0896 elementor-widget elementor-widget-image\" data-id=\"dfb0896\" data-element_type=\"widget\" data-e-type=\"widget\" data-widget_type=\"image.default\">\n\t\t\t\t\t\t\t\t\t\t\t\t\t\t\t<img decoding=\"async\" src=\"https:\/\/mfsmarin.com\/wp-content\/uploads\/2026\/03\/zahvalnice-1-.jpg\" title=\"\" alt=\"\" loading=\"lazy\" \/>\t\t\t\t\t\t\t\t\t\t\t\t\t\t\t<\/div>\n\t\t\t\t<div class=\"elementor-element elementor-element-69eb94d elementor-widget elementor-widget-image\" data-id=\"69eb94d\" data-element_type=\"widget\" data-e-type=\"widget\" data-widget_type=\"image.default\">\n\t\t\t\t\t\t\t\t\t\t\t\t\t\t\t<img decoding=\"async\" src=\"https:\/\/mfsmarin.com\/wp-content\/uploads\/2026\/03\/Zahvalnica-Marin-001.jpeg\" title=\"\" alt=\"\" loading=\"lazy\" \/>\t\t\t\t\t\t\t\t\t\t\t\t\t\t\t<\/div>\n\t\t\t\t<div class=\"elementor-element elementor-element-9d4a3d5 elementor-widget elementor-widget-image\" data-id=\"9d4a3d5\" data-element_type=\"widget\" data-e-type=\"widget\" data-widget_type=\"image.default\">\n\t\t\t\t\t\t\t\t\t\t\t\t\t\t\t<img decoding=\"async\" src=\"https:\/\/mfsmarin.com\/wp-content\/uploads\/2026\/03\/zahvalnica-2.jpg\" title=\"\" alt=\"\" loading=\"lazy\" \/>\t\t\t\t\t\t\t\t\t\t\t\t\t\t\t<\/div>\n\t\t\t\t<\/div>\n\t\t\t\t\t<\/div>\n\t\t\t\t<\/div>\n\t\t<div class=\"elementor-element elementor-element-2e9d15c e-flex e-con-boxed e-con e-parent\" data-id=\"2e9d15c\" data-element_type=\"container\" data-e-type=\"container\">\n\t\t\t\t\t<div class=\"e-con-inner\">\n\t\t\t\t\t<\/div>\n\t\t\t\t<\/div>\n\t\t\t\t<\/div>\n\t\t","protected":false},"excerpt":{"rendered":"","protected":false},"author":1,"featured_media":259,"parent":6,"menu_order":0,"comment_status":"closed","ping_status":"closed","template":"","meta":{"site-sidebar-layout":"no-sidebar","site-content-layout":"","ast-site-content-layout":"full-width-container","site-content-style":"default","site-sidebar-style":"default","ast-global-header-display":"","ast-banner-title-visibility":"","ast-main-header-display":"","ast-hfb-above-header-display":"","ast-hfb-below-header-display":"","ast-hfb-mobile-header-display":"","site-post-title":"disabled","ast-breadcrumbs-content":"","ast-featured-img":"disabled","footer-sml-layout":"","ast-disable-related-posts":"","theme-transparent-header-meta":"","adv-header-id-meta":"","stick-header-meta":"","header-above-stick-meta":"","header-main-stick-meta":"","header-below-stick-meta":"","astra-migrate-meta-layouts":"default","ast-page-background-enabled":"default","ast-page-background-meta":{"desktop":{"background-color":"var(--ast-global-color-5)","background-image":"","background-repeat":"repeat","background-position":"center center","background-size":"auto","background-attachment":"scroll","background-type":"","background-media":"","overlay-type":"","overlay-color":"","overlay-opacity":"","overlay-gradient":""},"tablet":{"background-color":"","background-image":"","background-repeat":"repeat","background-position":"center center","background-size":"auto","background-attachment":"scroll","background-type":"","background-media":"","overlay-type":"","overlay-color":"","overlay-opacity":"","overlay-gradient":""},"mobile":{"background-color":"","background-image":"","background-repeat":"repeat","background-position":"center center","background-size":"auto","background-attachment":"scroll","background-type":"","background-media":"","overlay-type":"","overlay-color":"","overlay-opacity":"","overlay-gradient":""}},"ast-content-background-meta":{"desktop":{"background-color":"var(--ast-global-color-4)","background-image":"","background-repeat":"repeat","background-position":"center center","background-size":"auto","background-attachment":"scroll","background-type":"","background-media":"","overlay-type":"","overlay-color":"","overlay-opacity":"","overlay-gradient":""},"tablet":{"background-color":"var(--ast-global-color-4)","background-image":"","background-repeat":"repeat","background-position":"center center","background-size":"auto","background-attachment":"scroll","background-type":"","background-media":"","overlay-type":"","overlay-color":"","overlay-opacity":"","overlay-gradient":""},"mobile":{"background-color":"var(--ast-global-color-4)","background-image":"","background-repeat":"repeat","background-position":"center center","background-size":"auto","background-attachment":"scroll","background-type":"","background-media":"","overlay-type":"","overlay-color":"","overlay-opacity":"","overlay-gradient":""}},"footnotes":""},"class_list":["post-10","page","type-page","status-publish","has-post-thumbnail","hentry"],"yoast_head":"<!-- This site is optimized with the Yoast SEO plugin v27.3 - https:\/\/yoast.com\/product\/yoast-seo-wordpress\/ -->\n<title>Galerija - Mu\u0161ki frizerski salon Marin<\/title>\n<meta name=\"robots\" content=\"index, follow, max-snippet:-1, max-image-preview:large, max-video-preview:-1\" \/>\n<link rel=\"canonical\" href=\"https:\/\/mfsmarin.com\/?page_id=10\" \/>\n<meta property=\"og:locale\" content=\"hr_HR\" \/>\n<meta property=\"og:type\" content=\"article\" \/>\n<meta property=\"og:title\" content=\"Galerija - Mu\u0161ki frizerski salon Marin\" \/>\n<meta property=\"og:url\" content=\"https:\/\/mfsmarin.com\/?page_id=10\" \/>\n<meta property=\"og:site_name\" content=\"Mu\u0161ki frizerski salon Marin\" \/>\n<meta property=\"article:modified_time\" content=\"2026-04-08T21:02:56+00:00\" \/>\n<meta property=\"og:image\" content=\"https:\/\/mfsmarin.com\/wp-content\/uploads\/2026\/03\/Marin-3.jpeg\" \/>\n\t<meta property=\"og:image:width\" content=\"1536\" \/>\n\t<meta property=\"og:image:height\" content=\"2048\" \/>\n\t<meta property=\"og:image:type\" content=\"image\/jpeg\" \/>\n<meta name=\"twitter:card\" content=\"summary_large_image\" \/>\n<meta name=\"twitter:label1\" content=\"Procijenjeno vrijeme \u010ditanja\" \/>\n\t<meta name=\"twitter:data1\" content=\"1 minuta\" \/>\n<script type=\"application\/ld+json\" class=\"yoast-schema-graph\">{\"@context\":\"https:\\\/\\\/schema.org\",\"@graph\":[{\"@type\":\"WebPage\",\"@id\":\"https:\\\/\\\/mfsmarin.com\\\/?page_id=10\",\"url\":\"https:\\\/\\\/mfsmarin.com\\\/?page_id=10\",\"name\":\"Galerija - Mu\u0161ki frizerski salon Marin\",\"isPartOf\":{\"@id\":\"https:\\\/\\\/mfsmarin.com\\\/#website\"},\"primaryImageOfPage\":{\"@id\":\"https:\\\/\\\/mfsmarin.com\\\/?page_id=10#primaryimage\"},\"image\":{\"@id\":\"https:\\\/\\\/mfsmarin.com\\\/?page_id=10#primaryimage\"},\"thumbnailUrl\":\"https:\\\/\\\/mfsmarin.com\\\/wp-content\\\/uploads\\\/2026\\\/03\\\/Marin-3.jpeg\",\"datePublished\":\"2026-03-26T18:06:42+00:00\",\"dateModified\":\"2026-04-08T21:02:56+00:00\",\"breadcrumb\":{\"@id\":\"https:\\\/\\\/mfsmarin.com\\\/?page_id=10#breadcrumb\"},\"inLanguage\":\"hr\",\"potentialAction\":[{\"@type\":\"ReadAction\",\"target\":[\"https:\\\/\\\/mfsmarin.com\\\/?page_id=10\"]}]},{\"@type\":\"ImageObject\",\"inLanguage\":\"hr\",\"@id\":\"https:\\\/\\\/mfsmarin.com\\\/?page_id=10#primaryimage\",\"url\":\"https:\\\/\\\/mfsmarin.com\\\/wp-content\\\/uploads\\\/2026\\\/03\\\/Marin-3.jpeg\",\"contentUrl\":\"https:\\\/\\\/mfsmarin.com\\\/wp-content\\\/uploads\\\/2026\\\/03\\\/Marin-3.jpeg\",\"width\":1536,\"height\":2048},{\"@type\":\"BreadcrumbList\",\"@id\":\"https:\\\/\\\/mfsmarin.com\\\/?page_id=10#breadcrumb\",\"itemListElement\":[{\"@type\":\"ListItem\",\"position\":1,\"name\":\"Po\u010detna stranica\",\"item\":\"https:\\\/\\\/mfsmarin.com\\\/\"},{\"@type\":\"ListItem\",\"position\":2,\"name\":\"Po\u010detna\",\"item\":\"https:\\\/\\\/mfsmarin.com\\\/\"},{\"@type\":\"ListItem\",\"position\":3,\"name\":\"Galerija\"}]},{\"@type\":\"WebSite\",\"@id\":\"https:\\\/\\\/mfsmarin.com\\\/#website\",\"url\":\"https:\\\/\\\/mfsmarin.com\\\/\",\"name\":\"Mu\u0161ki frizerski salon Marin\",\"description\":\"Va\u0161 stil na\u0161a strast - Savr\u0161ena frizura za svaki trenutak\",\"publisher\":{\"@id\":\"https:\\\/\\\/mfsmarin.com\\\/#organization\"},\"potentialAction\":[{\"@type\":\"SearchAction\",\"target\":{\"@type\":\"EntryPoint\",\"urlTemplate\":\"https:\\\/\\\/mfsmarin.com\\\/?s={search_term_string}\"},\"query-input\":{\"@type\":\"PropertyValueSpecification\",\"valueRequired\":true,\"valueName\":\"search_term_string\"}}],\"inLanguage\":\"hr\"},{\"@type\":\"Organization\",\"@id\":\"https:\\\/\\\/mfsmarin.com\\\/#organization\",\"name\":\"Mu\u0161ki frizerski salon Marin\",\"url\":\"https:\\\/\\\/mfsmarin.com\\\/\",\"logo\":{\"@type\":\"ImageObject\",\"inLanguage\":\"hr\",\"@id\":\"https:\\\/\\\/mfsmarin.com\\\/#\\\/schema\\\/logo\\\/image\\\/\",\"url\":\"https:\\\/\\\/mfsmarin.com\\\/wp-content\\\/uploads\\\/2026\\\/03\\\/Marin-logo.jpeg\",\"contentUrl\":\"https:\\\/\\\/mfsmarin.com\\\/wp-content\\\/uploads\\\/2026\\\/03\\\/Marin-logo.jpeg\",\"width\":1024,\"height\":1024,\"caption\":\"Mu\u0161ki frizerski salon Marin\"},\"image\":{\"@id\":\"https:\\\/\\\/mfsmarin.com\\\/#\\\/schema\\\/logo\\\/image\\\/\"},\"sameAs\":[\"https:\\\/\\\/www.instagram.com\\\/frizerski.salon.marin\\\/\"]}]}<\/script>\n<!-- \/ Yoast SEO plugin. -->","yoast_head_json":{"title":"Galerija - Mu\u0161ki frizerski salon Marin","robots":{"index":"index","follow":"follow","max-snippet":"max-snippet:-1","max-image-preview":"max-image-preview:large","max-video-preview":"max-video-preview:-1"},"canonical":"https:\/\/mfsmarin.com\/?page_id=10","og_locale":"hr_HR","og_type":"article","og_title":"Galerija - Mu\u0161ki frizerski salon Marin","og_url":"https:\/\/mfsmarin.com\/?page_id=10","og_site_name":"Mu\u0161ki frizerski salon Marin","article_modified_time":"2026-04-08T21:02:56+00:00","og_image":[{"width":1536,"height":2048,"url":"https:\/\/mfsmarin.com\/wp-content\/uploads\/2026\/03\/Marin-3.jpeg","type":"image\/jpeg"}],"twitter_card":"summary_large_image","twitter_misc":{"Procijenjeno vrijeme \u010ditanja":"1 minuta"},"schema":{"@context":"https:\/\/schema.org","@graph":[{"@type":"WebPage","@id":"https:\/\/mfsmarin.com\/?page_id=10","url":"https:\/\/mfsmarin.com\/?page_id=10","name":"Galerija - Mu\u0161ki frizerski salon Marin","isPartOf":{"@id":"https:\/\/mfsmarin.com\/#website"},"primaryImageOfPage":{"@id":"https:\/\/mfsmarin.com\/?page_id=10#primaryimage"},"image":{"@id":"https:\/\/mfsmarin.com\/?page_id=10#primaryimage"},"thumbnailUrl":"https:\/\/mfsmarin.com\/wp-content\/uploads\/2026\/03\/Marin-3.jpeg","datePublished":"2026-03-26T18:06:42+00:00","dateModified":"2026-04-08T21:02:56+00:00","breadcrumb":{"@id":"https:\/\/mfsmarin.com\/?page_id=10#breadcrumb"},"inLanguage":"hr","potentialAction":[{"@type":"ReadAction","target":["https:\/\/mfsmarin.com\/?page_id=10"]}]},{"@type":"ImageObject","inLanguage":"hr","@id":"https:\/\/mfsmarin.com\/?page_id=10#primaryimage","url":"https:\/\/mfsmarin.com\/wp-content\/uploads\/2026\/03\/Marin-3.jpeg","contentUrl":"https:\/\/mfsmarin.com\/wp-content\/uploads\/2026\/03\/Marin-3.jpeg","width":1536,"height":2048},{"@type":"BreadcrumbList","@id":"https:\/\/mfsmarin.com\/?page_id=10#breadcrumb","itemListElement":[{"@type":"ListItem","position":1,"name":"Po\u010detna stranica","item":"https:\/\/mfsmarin.com\/"},{"@type":"ListItem","position":2,"name":"Po\u010detna","item":"https:\/\/mfsmarin.com\/"},{"@type":"ListItem","position":3,"name":"Galerija"}]},{"@type":"WebSite","@id":"https:\/\/mfsmarin.com\/#website","url":"https:\/\/mfsmarin.com\/","name":"Mu\u0161ki frizerski salon Marin","description":"Va\u0161 stil na\u0161a strast - Savr\u0161ena frizura za svaki trenutak","publisher":{"@id":"https:\/\/mfsmarin.com\/#organization"},"potentialAction":[{"@type":"SearchAction","target":{"@type":"EntryPoint","urlTemplate":"https:\/\/mfsmarin.com\/?s={search_term_string}"},"query-input":{"@type":"PropertyValueSpecification","valueRequired":true,"valueName":"search_term_string"}}],"inLanguage":"hr"},{"@type":"Organization","@id":"https:\/\/mfsmarin.com\/#organization","name":"Mu\u0161ki frizerski salon Marin","url":"https:\/\/mfsmarin.com\/","logo":{"@type":"ImageObject","inLanguage":"hr","@id":"https:\/\/mfsmarin.com\/#\/schema\/logo\/image\/","url":"https:\/\/mfsmarin.com\/wp-content\/uploads\/2026\/03\/Marin-logo.jpeg","contentUrl":"https:\/\/mfsmarin.com\/wp-content\/uploads\/2026\/03\/Marin-logo.jpeg","width":1024,"height":1024,"caption":"Mu\u0161ki frizerski salon Marin"},"image":{"@id":"https:\/\/mfsmarin.com\/#\/schema\/logo\/image\/"},"sameAs":["https:\/\/www.instagram.com\/frizerski.salon.marin\/"]}]}},"_hostinger_reach_plugin_has_subscription_block":false,"_hostinger_reach_plugin_is_elementor":false,"_links":{"self":[{"href":"https:\/\/mfsmarin.com\/index.php?rest_route=\/wp\/v2\/pages\/10","targetHints":{"allow":["GET"]}}],"collection":[{"href":"https:\/\/mfsmarin.com\/index.php?rest_route=\/wp\/v2\/pages"}],"about":[{"href":"https:\/\/mfsmarin.com\/index.php?rest_route=\/wp\/v2\/types\/page"}],"author":[{"embeddable":true,"href":"https:\/\/mfsmarin.com\/index.php?rest_route=\/wp\/v2\/users\/1"}],"replies":[{"embeddable":true,"href":"https:\/\/mfsmarin.com\/index.php?rest_route=%2Fwp%2Fv2%2Fcomments&post=10"}],"version-history":[{"count":39,"href":"https:\/\/mfsmarin.com\/index.php?rest_route=\/wp\/v2\/pages\/10\/revisions"}],"predecessor-version":[{"id":554,"href":"https:\/\/mfsmarin.com\/index.php?rest_route=\/wp\/v2\/pages\/10\/revisions\/554"}],"up":[{"embeddable":true,"href":"https:\/\/mfsmarin.com\/index.php?rest_route=\/wp\/v2\/pages\/6"}],"wp:featuredmedia":[{"embeddable":true,"href":"https:\/\/mfsmarin.com\/index.php?rest_route=\/wp\/v2\/media\/259"}],"wp:attachment":[{"href":"https:\/\/mfsmarin.com\/index.php?rest_route=%2Fwp%2Fv2%2Fmedia&parent=10"}],"curies":[{"name":"wp","href":"https:\/\/api.w.org\/{rel}","templated":true}]}}