{"id":11,"date":"2026-03-26T18:06:42","date_gmt":"2026-03-26T18:06:42","guid":{"rendered":"https:\/\/mfsmarin.com\/contact\/"},"modified":"2026-04-03T12:17:52","modified_gmt":"2026-04-03T12:17:52","slug":"contact","status":"publish","type":"page","link":"https:\/\/mfsmarin.com\/?page_id=11","title":{"rendered":"Kontakt"},"content":{"rendered":"\t\t<div data-elementor-type=\"wp-page\" data-elementor-id=\"11\" class=\"elementor elementor-11\">\n\t\t\t\t<div class=\"elementor-element elementor-element-55243b7 e-flex e-con-boxed e-con e-parent\" data-id=\"55243b7\" data-element_type=\"container\" data-e-type=\"container\">\n\t\t\t\t\t<div class=\"e-con-inner\">\n\t\t<div class=\"elementor-element elementor-element-4c9e08a e-con-full e-flex e-con e-child\" data-id=\"4c9e08a\" data-element_type=\"container\" data-e-type=\"container\">\n\t\t\t\t<div class=\"elementor-element elementor-element-057de93 elementor-widget elementor-widget-heading\" data-id=\"057de93\" data-element_type=\"widget\" data-e-type=\"widget\" data-widget_type=\"heading.default\">\n\t\t\t\t\t<h2 class=\"elementor-heading-title elementor-size-default\">Rezervacija i kontakt<\/h2>\t\t\t\t<\/div>\n\t\t\t\t<div class=\"elementor-element elementor-element-5e75a3a elementor-widget elementor-widget-text-editor\" data-id=\"5e75a3a\" data-element_type=\"widget\" data-e-type=\"widget\" data-widget_type=\"text-editor.default\">\n\t\t\t\t\t\t\t\t\t<h6><span style=\"text-decoration: underline;\"><em><strong><span style=\"color: #ffffff; text-decoration: underline;\">Za sve upite i rezervacije termina slobodno nas kontaktirajte.<\/span><\/strong><\/em><\/span><br \/><span style=\"text-decoration: underline;\"><em><strong><span style=\"color: #ffffff; text-decoration: underline;\">Brzo odgovaramo i trudimo se prona\u0107i termin koji vam najvi\u0161e odgovara.<\/span><\/strong><\/em><\/span><\/h6>\t\t\t\t\t\t\t\t<\/div>\n\t\t\t\t<div class=\"elementor-element elementor-element-a1e67d8 elementor-widget elementor-widget-text-editor\" data-id=\"a1e67d8\" data-element_type=\"widget\" data-e-type=\"widget\" data-widget_type=\"text-editor.default\">\n\t\t\t\t\t\t\t\t\t<h5 class=\"isSelectedEnd\">\u00a0<\/h5><div contenteditable=\"false\"><hr \/><\/div><h5><span style=\"color: #ffffff;\">\ud83d\udcde <strong>Telefon:<\/strong><\/span><br \/><span style=\"color: #ffffff;\">(+387 63 650 202)<\/span><\/h5><h5 class=\"isSelectedEnd\"><span style=\"color: #ffffff;\">\u2709\ufe0f <strong>Email:<\/strong><\/span><br \/><span style=\"color: #ffffff;\"><a style=\"color: #ffffff;\" href=\"mailto:marinbunticc@yahoo.com\">marinbunticc@yahoo.com<\/a><\/span><\/h5><h5 class=\"isSelectedEnd\"><span style=\"color: #ffffff;\">\ud83d\udccd <strong>Lokacija:<\/strong><\/span><br \/><span style=\"color: #ffffff;\">Zrinjsko Frankopanska, 88300 \u010capljina<\/span><\/h5><div contenteditable=\"false\"><hr \/><\/div><h5><span style=\"color: #ffffff;\">\ud83d\udd52 <strong>Radno vrijeme:<\/strong><\/span><br \/><span style=\"color: #ffffff;\">Ponedjeljak \u2013 Petak: 09:00 \u2013 17:00<\/span><br \/><span style=\"color: #ffffff;\">Subota: 09:00 \u2013 13:00<\/span><br \/><span style=\"color: #ffffff;\">Nedjelja i blagdani: zatvoreno<\/span><\/h5>\t\t\t\t\t\t\t\t<\/div>\n\t\t\t\t<\/div>\n\t\t<div class=\"elementor-element elementor-element-e152fd2 e-con-full e-flex e-con e-child\" data-id=\"e152fd2\" data-element_type=\"container\" data-e-type=\"container\">\n\t\t\t\t<div class=\"elementor-element elementor-element-79fa2a1 elementor-widget elementor-widget-google_maps\" data-id=\"79fa2a1\" data-element_type=\"widget\" data-e-type=\"widget\" data-widget_type=\"google_maps.default\">\n\t\t\t\t\t\t\t<div class=\"elementor-custom-embed\">\n\t\t\t<iframe loading=\"lazy\"\n\t\t\t\t\tsrc=\"https:\/\/maps.google.com\/maps?q=Frizerski%20salon%20%22Marin%22%20Capljina&#038;t=m&#038;z=14&#038;output=embed&#038;iwloc=near\"\n\t\t\t\t\ttitle=\"Frizerski salon &quot;Marin&quot; Capljina\"\n\t\t\t\t\taria-label=\"Frizerski salon &quot;Marin&quot; Capljina\"\n\t\t\t><\/iframe>\n\t\t<\/div>\n\t\t\t\t\t\t<\/div>\n\t\t\t\t<\/div>\n\t\t\t\t\t<\/div>\n\t\t\t\t<\/div>\n\t\t\t\t<\/div>\n\t\t","protected":false},"excerpt":{"rendered":"<p>Rezervacija i kontakt Za sve upite i rezervacije termina slobodno nas kontaktirajte.Brzo odgovaramo i trudimo se prona\u0107i termin koji vam [&hellip;]<\/p>\n","protected":false},"author":1,"featured_media":0,"parent":6,"menu_order":0,"comment_status":"closed","ping_status":"closed","template":"elementor_theme","meta":{"site-sidebar-layout":"no-sidebar","site-content-layout":"","ast-site-content-layout":"full-width-container","site-content-style":"default","site-sidebar-style":"default","ast-global-header-display":"","ast-banner-title-visibility":"","ast-main-header-display":"","ast-hfb-above-header-display":"","ast-hfb-below-header-display":"","ast-hfb-mobile-header-display":"","site-post-title":"disabled","ast-breadcrumbs-content":"","ast-featured-img":"disabled","footer-sml-layout":"","ast-disable-related-posts":"","theme-transparent-header-meta":"","adv-header-id-meta":"","stick-header-meta":"","header-above-stick-meta":"","header-main-stick-meta":"","header-below-stick-meta":"","astra-migrate-meta-layouts":"default","ast-page-background-enabled":"default","ast-page-background-meta":{"desktop":{"background-color":"var(--ast-global-color-5)","background-image":"","background-repeat":"repeat","background-position":"center center","background-size":"auto","background-attachment":"scroll","background-type":"","background-media":"","overlay-type":"","overlay-color":"","overlay-opacity":"","overlay-gradient":""},"tablet":{"background-color":"","background-image":"","background-repeat":"repeat","background-position":"center center","background-size":"auto","background-attachment":"scroll","background-type":"","background-media":"","overlay-type":"","overlay-color":"","overlay-opacity":"","overlay-gradient":""},"mobile":{"background-color":"","background-image":"","background-repeat":"repeat","background-position":"center center","background-size":"auto","background-attachment":"scroll","background-type":"","background-media":"","overlay-type":"","overlay-color":"","overlay-opacity":"","overlay-gradient":""}},"ast-content-background-meta":{"desktop":{"background-color":"var(--ast-global-color-4)","background-image":"","background-repeat":"repeat","background-position":"center center","background-size":"auto","background-attachment":"scroll","background-type":"","background-media":"","overlay-type":"","overlay-color":"","overlay-opacity":"","overlay-gradient":""},"tablet":{"background-color":"var(--ast-global-color-4)","background-image":"","background-repeat":"repeat","background-position":"center center","background-size":"auto","background-attachment":"scroll","background-type":"","background-media":"","overlay-type":"","overlay-color":"","overlay-opacity":"","overlay-gradient":""},"mobile":{"background-color":"var(--ast-global-color-4)","background-image":"","background-repeat":"repeat","background-position":"center center","background-size":"auto","background-attachment":"scroll","background-type":"","background-media":"","overlay-type":"","overlay-color":"","overlay-opacity":"","overlay-gradient":""}},"footnotes":""},"class_list":["post-11","page","type-page","status-publish","hentry"],"yoast_head":"<!-- This site is optimized with the Yoast SEO plugin v27.3 - https:\/\/yoast.com\/product\/yoast-seo-wordpress\/ -->\n<title>Kontakt - Mu\u0161ki frizerski salon Marin<\/title>\n<meta name=\"robots\" content=\"index, follow, max-snippet:-1, max-image-preview:large, max-video-preview:-1\" \/>\n<link rel=\"canonical\" href=\"https:\/\/mfsmarin.com\/?page_id=11\" \/>\n<meta property=\"og:locale\" content=\"hr_HR\" \/>\n<meta property=\"og:type\" content=\"article\" \/>\n<meta property=\"og:title\" content=\"Kontakt - Mu\u0161ki frizerski salon Marin\" \/>\n<meta property=\"og:description\" content=\"Rezervacija i kontakt Za sve upite i rezervacije termina slobodno nas kontaktirajte.Brzo odgovaramo i trudimo se prona\u0107i termin koji vam [&hellip;]\" \/>\n<meta property=\"og:url\" content=\"https:\/\/mfsmarin.com\/?page_id=11\" \/>\n<meta property=\"og:site_name\" content=\"Mu\u0161ki frizerski salon Marin\" \/>\n<meta property=\"article:modified_time\" content=\"2026-04-03T12:17:52+00:00\" \/>\n<meta property=\"og:image\" content=\"https:\/\/mfsmarin.com\/wp-content\/uploads\/2026\/03\/cropped-Marin-logo.jpeg\" \/>\n\t<meta property=\"og:image:width\" content=\"512\" \/>\n\t<meta property=\"og:image:height\" content=\"512\" \/>\n\t<meta property=\"og:image:type\" content=\"image\/jpeg\" \/>\n<meta name=\"twitter:card\" content=\"summary_large_image\" \/>\n<script type=\"application\/ld+json\" class=\"yoast-schema-graph\">{\"@context\":\"https:\\\/\\\/schema.org\",\"@graph\":[{\"@type\":\"WebPage\",\"@id\":\"https:\\\/\\\/mfsmarin.com\\\/?page_id=11\",\"url\":\"https:\\\/\\\/mfsmarin.com\\\/?page_id=11\",\"name\":\"Kontakt - Mu\u0161ki frizerski salon Marin\",\"isPartOf\":{\"@id\":\"https:\\\/\\\/mfsmarin.com\\\/#website\"},\"datePublished\":\"2026-03-26T18:06:42+00:00\",\"dateModified\":\"2026-04-03T12:17:52+00:00\",\"breadcrumb\":{\"@id\":\"https:\\\/\\\/mfsmarin.com\\\/?page_id=11#breadcrumb\"},\"inLanguage\":\"hr\",\"potentialAction\":[{\"@type\":\"ReadAction\",\"target\":[\"https:\\\/\\\/mfsmarin.com\\\/?page_id=11\"]}]},{\"@type\":\"BreadcrumbList\",\"@id\":\"https:\\\/\\\/mfsmarin.com\\\/?page_id=11#breadcrumb\",\"itemListElement\":[{\"@type\":\"ListItem\",\"position\":1,\"name\":\"Po\u010detna stranica\",\"item\":\"https:\\\/\\\/mfsmarin.com\\\/\"},{\"@type\":\"ListItem\",\"position\":2,\"name\":\"Po\u010detna\",\"item\":\"https:\\\/\\\/mfsmarin.com\\\/\"},{\"@type\":\"ListItem\",\"position\":3,\"name\":\"Kontakt\"}]},{\"@type\":\"WebSite\",\"@id\":\"https:\\\/\\\/mfsmarin.com\\\/#website\",\"url\":\"https:\\\/\\\/mfsmarin.com\\\/\",\"name\":\"Mu\u0161ki frizerski salon Marin\",\"description\":\"Va\u0161 stil na\u0161a strast - Savr\u0161ena frizura za svaki trenutak\",\"publisher\":{\"@id\":\"https:\\\/\\\/mfsmarin.com\\\/#organization\"},\"potentialAction\":[{\"@type\":\"SearchAction\",\"target\":{\"@type\":\"EntryPoint\",\"urlTemplate\":\"https:\\\/\\\/mfsmarin.com\\\/?s={search_term_string}\"},\"query-input\":{\"@type\":\"PropertyValueSpecification\",\"valueRequired\":true,\"valueName\":\"search_term_string\"}}],\"inLanguage\":\"hr\"},{\"@type\":\"Organization\",\"@id\":\"https:\\\/\\\/mfsmarin.com\\\/#organization\",\"name\":\"Mu\u0161ki frizerski salon Marin\",\"url\":\"https:\\\/\\\/mfsmarin.com\\\/\",\"logo\":{\"@type\":\"ImageObject\",\"inLanguage\":\"hr\",\"@id\":\"https:\\\/\\\/mfsmarin.com\\\/#\\\/schema\\\/logo\\\/image\\\/\",\"url\":\"https:\\\/\\\/mfsmarin.com\\\/wp-content\\\/uploads\\\/2026\\\/03\\\/Marin-logo.jpeg\",\"contentUrl\":\"https:\\\/\\\/mfsmarin.com\\\/wp-content\\\/uploads\\\/2026\\\/03\\\/Marin-logo.jpeg\",\"width\":1024,\"height\":1024,\"caption\":\"Mu\u0161ki frizerski salon Marin\"},\"image\":{\"@id\":\"https:\\\/\\\/mfsmarin.com\\\/#\\\/schema\\\/logo\\\/image\\\/\"},\"sameAs\":[\"https:\\\/\\\/www.instagram.com\\\/frizerski.salon.marin\\\/\"]}]}<\/script>\n<!-- \/ Yoast SEO plugin. -->","yoast_head_json":{"title":"Kontakt - Mu\u0161ki frizerski salon Marin","robots":{"index":"index","follow":"follow","max-snippet":"max-snippet:-1","max-image-preview":"max-image-preview:large","max-video-preview":"max-video-preview:-1"},"canonical":"https:\/\/mfsmarin.com\/?page_id=11","og_locale":"hr_HR","og_type":"article","og_title":"Kontakt - Mu\u0161ki frizerski salon Marin","og_description":"Rezervacija i kontakt Za sve upite i rezervacije termina slobodno nas kontaktirajte.Brzo odgovaramo i trudimo se prona\u0107i termin koji vam [&hellip;]","og_url":"https:\/\/mfsmarin.com\/?page_id=11","og_site_name":"Mu\u0161ki frizerski salon Marin","article_modified_time":"2026-04-03T12:17:52+00:00","og_image":[{"width":512,"height":512,"url":"https:\/\/mfsmarin.com\/wp-content\/uploads\/2026\/03\/cropped-Marin-logo.jpeg","type":"image\/jpeg"}],"twitter_card":"summary_large_image","schema":{"@context":"https:\/\/schema.org","@graph":[{"@type":"WebPage","@id":"https:\/\/mfsmarin.com\/?page_id=11","url":"https:\/\/mfsmarin.com\/?page_id=11","name":"Kontakt - Mu\u0161ki frizerski salon Marin","isPartOf":{"@id":"https:\/\/mfsmarin.com\/#website"},"datePublished":"2026-03-26T18:06:42+00:00","dateModified":"2026-04-03T12:17:52+00:00","breadcrumb":{"@id":"https:\/\/mfsmarin.com\/?page_id=11#breadcrumb"},"inLanguage":"hr","potentialAction":[{"@type":"ReadAction","target":["https:\/\/mfsmarin.com\/?page_id=11"]}]},{"@type":"BreadcrumbList","@id":"https:\/\/mfsmarin.com\/?page_id=11#breadcrumb","itemListElement":[{"@type":"ListItem","position":1,"name":"Po\u010detna stranica","item":"https:\/\/mfsmarin.com\/"},{"@type":"ListItem","position":2,"name":"Po\u010detna","item":"https:\/\/mfsmarin.com\/"},{"@type":"ListItem","position":3,"name":"Kontakt"}]},{"@type":"WebSite","@id":"https:\/\/mfsmarin.com\/#website","url":"https:\/\/mfsmarin.com\/","name":"Mu\u0161ki frizerski salon Marin","description":"Va\u0161 stil na\u0161a strast - Savr\u0161ena frizura za svaki trenutak","publisher":{"@id":"https:\/\/mfsmarin.com\/#organization"},"potentialAction":[{"@type":"SearchAction","target":{"@type":"EntryPoint","urlTemplate":"https:\/\/mfsmarin.com\/?s={search_term_string}"},"query-input":{"@type":"PropertyValueSpecification","valueRequired":true,"valueName":"search_term_string"}}],"inLanguage":"hr"},{"@type":"Organization","@id":"https:\/\/mfsmarin.com\/#organization","name":"Mu\u0161ki frizerski salon Marin","url":"https:\/\/mfsmarin.com\/","logo":{"@type":"ImageObject","inLanguage":"hr","@id":"https:\/\/mfsmarin.com\/#\/schema\/logo\/image\/","url":"https:\/\/mfsmarin.com\/wp-content\/uploads\/2026\/03\/Marin-logo.jpeg","contentUrl":"https:\/\/mfsmarin.com\/wp-content\/uploads\/2026\/03\/Marin-logo.jpeg","width":1024,"height":1024,"caption":"Mu\u0161ki frizerski salon Marin"},"image":{"@id":"https:\/\/mfsmarin.com\/#\/schema\/logo\/image\/"},"sameAs":["https:\/\/www.instagram.com\/frizerski.salon.marin\/"]}]}},"_hostinger_reach_plugin_has_subscription_block":false,"_hostinger_reach_plugin_is_elementor":false,"_links":{"self":[{"href":"https:\/\/mfsmarin.com\/index.php?rest_route=\/wp\/v2\/pages\/11","targetHints":{"allow":["GET"]}}],"collection":[{"href":"https:\/\/mfsmarin.com\/index.php?rest_route=\/wp\/v2\/pages"}],"about":[{"href":"https:\/\/mfsmarin.com\/index.php?rest_route=\/wp\/v2\/types\/page"}],"author":[{"embeddable":true,"href":"https:\/\/mfsmarin.com\/index.php?rest_route=\/wp\/v2\/users\/1"}],"replies":[{"embeddable":true,"href":"https:\/\/mfsmarin.com\/index.php?rest_route=%2Fwp%2Fv2%2Fcomments&post=11"}],"version-history":[{"count":24,"href":"https:\/\/mfsmarin.com\/index.php?rest_route=\/wp\/v2\/pages\/11\/revisions"}],"predecessor-version":[{"id":498,"href":"https:\/\/mfsmarin.com\/index.php?rest_route=\/wp\/v2\/pages\/11\/revisions\/498"}],"up":[{"embeddable":true,"href":"https:\/\/mfsmarin.com\/index.php?rest_route=\/wp\/v2\/pages\/6"}],"wp:attachment":[{"href":"https:\/\/mfsmarin.com\/index.php?rest_route=%2Fwp%2Fv2%2Fmedia&parent=11"}],"curies":[{"name":"wp","href":"https:\/\/api.w.org\/{rel}","templated":true}]}}