{"id":6,"date":"2026-03-26T18:06:27","date_gmt":"2026-03-26T18:06:27","guid":{"rendered":""},"modified":"2026-04-08T21:05:50","modified_gmt":"2026-04-08T21:05:50","slug":"home","status":"publish","type":"page","link":"https:\/\/mfsmarin.com\/","title":{"rendered":"Po\u010detna"},"content":{"rendered":"\t\t<div data-elementor-type=\"wp-page\" data-elementor-id=\"6\" class=\"elementor elementor-6\">\n\t\t\t\t<div class=\"elementor-element elementor-element-a3cc5ab e-flex e-con-boxed e-con e-parent\" data-id=\"a3cc5ab\" data-element_type=\"container\" data-e-type=\"container\">\n\t\t\t\t\t<div class=\"e-con-inner\">\n\t\t\t\t<div class=\"elementor-element elementor-element-93c1b68 elementor-widget elementor-widget-video\" data-id=\"93c1b68\" data-element_type=\"widget\" data-e-type=\"widget\" data-settings=\"{&quot;video_type&quot;:&quot;hosted&quot;,&quot;start&quot;:1,&quot;end&quot;:1,&quot;autoplay&quot;:&quot;yes&quot;,&quot;play_on_mobile&quot;:&quot;yes&quot;,&quot;mute&quot;:&quot;yes&quot;}\" data-widget_type=\"video.default\">\n\t\t\t\t\t\t\t<div class=\"e-hosted-video elementor-wrapper elementor-open-inline\">\n\t\t\t\t\t<video class=\"elementor-video\" src=\"https:\/\/mfsmarin.com\/wp-content\/uploads\/2026\/04\/Marin-pocetna-video.mp4#t=1,1\" autoplay=\"\" muted=\"muted\" playsinline=\"\" controlsList=\"nodownload\"><\/video>\n\t\t\t\t<\/div>\n\t\t\t\t\t\t<\/div>\n\t\t\t\t<div class=\"elementor-element elementor-element-04dfc59 elementor-absolute elementor-widget elementor-widget-text-editor\" data-id=\"04dfc59\" data-element_type=\"widget\" data-e-type=\"widget\" data-settings=\"{&quot;_position&quot;:&quot;absolute&quot;}\" data-widget_type=\"text-editor.default\">\n\t\t\t\t\t\t\t\t\t<h3><span style=\"color: #ffffff;\"><em><strong>Savr\u0161ena frizura za svaki trenutak<\/strong><\/em><\/span><\/h3>\t\t\t\t\t\t\t\t<\/div>\n\t\t\t\t<div class=\"elementor-element elementor-element-a1ef967 elementor-absolute elementor-widget elementor-widget-text-editor\" data-id=\"a1ef967\" data-element_type=\"widget\" data-e-type=\"widget\" data-settings=\"{&quot;_position&quot;:&quot;absolute&quot;}\" data-widget_type=\"text-editor.default\">\n\t\t\t\t\t\t\t\t\t<h4><span style=\"color: #c7a300;\"><em><strong>Va\u0161 stil,na\u0161a strast<\/strong><\/em><\/span><\/h4>\t\t\t\t\t\t\t\t<\/div>\n\t\t\t\t\t<\/div>\n\t\t\t\t<\/div>\n\t\t<div class=\"elementor-element elementor-element-742a4a9 e-con-full e-flex e-con e-parent\" data-id=\"742a4a9\" data-element_type=\"container\" data-e-type=\"container\" data-settings=\"{&quot;background_background&quot;:&quot;gradient&quot;}\">\n\t\t\t\t<\/div>\n\t\t<div class=\"elementor-element elementor-element-36a0b95 e-grid hostinger-ai-about-us-2 e-con-boxed e-con e-parent\" data-id=\"36a0b95\" data-element_type=\"container\" data-e-type=\"container\">\n\t\t\t\t\t<div class=\"e-con-inner\">\n\t\t<div class=\"elementor-element elementor-element-f2b9264 e-con-full e-flex e-con e-child\" data-id=\"f2b9264\" data-element_type=\"container\" data-e-type=\"container\">\n\t\t\t\t<div class=\"elementor-element elementor-element-e6713c6 elementor-widget elementor-widget-image\" data-id=\"e6713c6\" data-element_type=\"widget\" data-e-type=\"widget\" data-widget_type=\"image.default\">\n\t\t\t\t\t\t\t\t\t\t\t\t\t\t\t<img fetchpriority=\"high\" decoding=\"async\" width=\"898\" height=\"595\" src=\"https:\/\/mfsmarin.com\/wp-content\/uploads\/2026\/03\/naslovna-br.2-.jpg\" class=\"attachment-large size-large wp-image-25\" alt=\"\" srcset=\"https:\/\/mfsmarin.com\/wp-content\/uploads\/2026\/03\/naslovna-br.2-.jpg 898w, https:\/\/mfsmarin.com\/wp-content\/uploads\/2026\/03\/naslovna-br.2--300x199.jpg 300w, https:\/\/mfsmarin.com\/wp-content\/uploads\/2026\/03\/naslovna-br.2--768x509.jpg 768w\" sizes=\"(max-width: 898px) 100vw, 898px\" \/>\t\t\t\t\t\t\t\t\t\t\t\t\t\t\t<\/div>\n\t\t\t\t<\/div>\n\t\t<div class=\"elementor-element elementor-element-9b3a7c8 e-con-full e-flex e-con e-child\" data-id=\"9b3a7c8\" data-element_type=\"container\" data-e-type=\"container\">\n\t\t\t\t<div class=\"elementor-element elementor-element-9f7db66 hostinger-ai-title elementor-widget elementor-widget-heading\" data-id=\"9f7db66\" data-element_type=\"widget\" data-e-type=\"widget\" data-widget_type=\"heading.default\">\n\t\t\t\t\t<h1 class=\"elementor-heading-title elementor-size-default\">O nama<\/h1>\t\t\t\t<\/div>\n\t\t\t\t<div class=\"elementor-element elementor-element-2539079 elementor-widget elementor-widget-text-editor\" data-id=\"2539079\" data-element_type=\"widget\" data-e-type=\"widget\" data-widget_type=\"text-editor.default\">\n\t\t\t\t\t\t\t\t\t<h6><span style=\"color: #ffffff;\"><em><strong>Dobrodo\u0161li u na\u0161 &#8220;MU\u0160KI FRIZERSKI SALON MARIN&#8221; \u00a0mjesto gdje se ljepota i stil spajaju. Na\u0161 Marin, profesionalac, posve\u0107en je pru\u017eanju vrhunske usluge, koriste\u0107i moderne tehnike i proizvode kako bi zadovoljili sve va\u0161e potrebe za ljepotom. Od \u0161i\u0161anja do sve\u010danih frizura, na\u0161 cilj je osigurati povjerenje i zadovoljstvo svakog klijenta. Posjetite nas i prepustite se rukama stru\u010dnjaka.<\/strong><\/em><\/span><\/h6>\t\t\t\t\t\t\t\t<\/div>\n\t\t\t\t<\/div>\n\t\t\t\t\t<\/div>\n\t\t\t\t<\/div>\n\t\t<div class=\"elementor-element elementor-element-76384ba hostinger-ai-our-services-2 e-flex e-con-boxed e-con e-parent\" data-id=\"76384ba\" data-element_type=\"container\" data-e-type=\"container\" data-settings=\"{&quot;background_background&quot;:&quot;classic&quot;}\">\n\t\t\t\t\t<div class=\"e-con-inner\">\n\t\t<div class=\"elementor-element elementor-element-6aabfe1 e-con-full e-flex e-con e-child\" data-id=\"6aabfe1\" data-element_type=\"container\" data-e-type=\"container\">\n\t\t\t\t<div class=\"elementor-element elementor-element-f7ed4dd hostinger-ai-title elementor-widget elementor-widget-heading\" data-id=\"f7ed4dd\" data-element_type=\"widget\" data-e-type=\"widget\" data-widget_type=\"heading.default\">\n\t\t\t\t\t<h2 class=\"elementor-heading-title elementor-size-default\">Povjerenje koje smo zaslu\u017eili<\/h2>\t\t\t\t<\/div>\n\t\t<div class=\"elementor-element elementor-element-fdcb56c e-grid e-con-full e-con e-child\" data-id=\"fdcb56c\" data-element_type=\"container\" data-e-type=\"container\">\n\t\t<div class=\"elementor-element elementor-element-df3b27a e-con-full e-flex e-con e-child\" data-id=\"df3b27a\" data-element_type=\"container\" data-e-type=\"container\">\n\t\t\t\t<div class=\"elementor-element elementor-element-d13d5fe hostinger-ai-service-image elementor-widget elementor-widget-image\" data-id=\"d13d5fe\" data-element_type=\"widget\" data-e-type=\"widget\" data-widget_type=\"image.default\">\n\t\t\t\t\t\t\t\t\t\t\t\t\t\t\t<img decoding=\"async\" src=\"https:\/\/mfsmarin.com\/wp-content\/uploads\/2026\/03\/zahvalnice-1-.jpg\" title=\"\" alt=\"\" loading=\"lazy\" \/>\t\t\t\t\t\t\t\t\t\t\t\t\t\t\t<\/div>\n\t\t\t\t<div class=\"elementor-element elementor-element-3e790c6 hostinger-ai-service-description elementor-widget elementor-widget-text-editor\" data-id=\"3e790c6\" data-element_type=\"widget\" data-e-type=\"widget\" data-widget_type=\"text-editor.default\">\n\t\t\t\t\t\t\t\t\t<p><span style=\"color: #ffffff;\">Na\u0161i klijenti su na\u0161a najbolja preporuka. Ponosni smo na povjerenje koje gradimo kroz kvalitetu, profesionalnost i vrhunsku uslugu.<\/span><\/p>\t\t\t\t\t\t\t\t<\/div>\n\t\t\t\t<\/div>\n\t\t<div class=\"elementor-element elementor-element-0d9383c e-con-full e-flex e-con e-child\" data-id=\"0d9383c\" data-element_type=\"container\" data-e-type=\"container\">\n\t\t\t\t<div class=\"elementor-element elementor-element-3377a60 hostinger-ai-service-image hostinger-index-1 elementor-widget elementor-widget-image\" data-id=\"3377a60\" data-element_type=\"widget\" data-e-type=\"widget\" data-widget_type=\"image.default\">\n\t\t\t\t\t\t\t\t\t\t\t\t\t\t\t<img decoding=\"async\" src=\"https:\/\/mfsmarin.com\/wp-content\/uploads\/2026\/03\/Zahvalnica-Marin-001.jpeg\" title=\"\" alt=\"\" loading=\"lazy\" \/>\t\t\t\t\t\t\t\t\t\t\t\t\t\t\t<\/div>\n\t\t\t\t<div class=\"elementor-element elementor-element-97eff75 hostinger-ai-service-description hostinger-index-1 elementor-widget elementor-widget-text-editor\" data-id=\"97eff75\" data-element_type=\"widget\" data-e-type=\"widget\" data-widget_type=\"text-editor.default\">\n\t\t\t\t\t\t\t\t\t<p><span style=\"color: #ffffff;\">Svaka zahvalnica i preporuka znak su na\u0161eg truda i posve\u0107enosti. Hvala svim klijentima koji nam iznova poklanjaju svoje povjerenje.<\/span><\/p>\t\t\t\t\t\t\t\t<\/div>\n\t\t\t\t<\/div>\n\t\t<div class=\"elementor-element elementor-element-cb22ced e-con-full e-flex e-con e-child\" data-id=\"cb22ced\" data-element_type=\"container\" data-e-type=\"container\">\n\t\t\t\t<div class=\"elementor-element elementor-element-7f71384 hostinger-ai-service-image hostinger-index-2 elementor-widget elementor-widget-image\" data-id=\"7f71384\" data-element_type=\"widget\" data-e-type=\"widget\" data-widget_type=\"image.default\">\n\t\t\t\t\t\t\t\t\t\t\t\t\t\t\t<img decoding=\"async\" src=\"https:\/\/mfsmarin.com\/wp-content\/uploads\/2026\/03\/zahvalnica-2.jpg\" title=\"\" alt=\"\" loading=\"lazy\" \/>\t\t\t\t\t\t\t\t\t\t\t\t\t\t\t<\/div>\n\t\t\t\t<div class=\"elementor-element elementor-element-9a21c25 hostinger-ai-service-description hostinger-index-1 elementor-widget elementor-widget-text-editor\" data-id=\"9a21c25\" data-element_type=\"widget\" data-e-type=\"widget\" data-widget_type=\"text-editor.default\">\n\t\t\t\t\t\t\t\t\t<p><span style=\"color: #ffffff;\">Zadovoljstvo na\u0161ih klijenata na\u0161 je najve\u0107i uspjeh. Upravo njihova iskustva potvr\u0111uju kvalitetu usluge koju pru\u017eamo svaki dan.<\/span><\/p>\t\t\t\t\t\t\t\t<\/div>\n\t\t\t\t<\/div>\n\t\t\t\t<\/div>\n\t\t\t\t<\/div>\n\t\t\t\t<div class=\"elementor-element elementor-element-857e4e4 elementor-widget-divider--view-line elementor-widget elementor-widget-divider\" data-id=\"857e4e4\" data-element_type=\"widget\" data-e-type=\"widget\" data-widget_type=\"divider.default\">\n\t\t\t\t\t\t\t<div class=\"elementor-divider\">\n\t\t\t<span class=\"elementor-divider-separator\">\n\t\t\t\t\t\t<\/span>\n\t\t<\/div>\n\t\t\t\t\t\t<\/div>\n\t\t\t\t\t<\/div>\n\t\t\t\t<\/div>\n\t\t<div class=\"elementor-element elementor-element-bb7d89e e-grid e-con-boxed e-con e-parent\" data-id=\"bb7d89e\" data-element_type=\"container\" data-e-type=\"container\">\n\t\t\t\t\t<div class=\"e-con-inner\">\n\t\t\t\t<div class=\"elementor-element elementor-element-37503f8 elementor-widget elementor-widget-text-editor\" data-id=\"37503f8\" data-element_type=\"widget\" data-e-type=\"widget\" data-widget_type=\"text-editor.default\">\n\t\t\t\t\t\t\t\t\t<h1><span style=\"text-decoration: underline;\"><span style=\"color: #c7a300; text-decoration: underline;\">Cijenik<\/span><\/span><\/h1>\n<ul>\n \t<li dir=\"ltr\" aria-level=\"1\">\n<h4 dir=\"ltr\" role=\"presentation\"><span style=\"color: #ffffff;\"><em><strong>Klasi\u010dno \u0161i\u0161anje \u2013 12 KM<\/strong><\/em><\/span><\/h4>\n<\/li>\n \t<li dir=\"ltr\" aria-level=\"1\">\n<h4 dir=\"ltr\" role=\"presentation\"><span style=\"color: #ffffff;\"><em><strong>Fade \u0161i\u0161anje \u2013 15 KM<\/strong><\/em><\/span><\/h4>\n<\/li>\n \t<li dir=\"ltr\" aria-level=\"1\">\n<h4 dir=\"ltr\" role=\"presentation\"><span style=\"color: #ffffff;\"><em><strong>Ure\u0111ivanje brade \u2013 7 KM<\/strong><\/em><\/span><\/h4>\n<\/li>\n \t<li dir=\"ltr\" aria-level=\"1\">\n<h4 dir=\"ltr\" role=\"presentation\"><span style=\"color: #ffffff;\"><em><strong>\u0160i\u0161anje i brada \u2013 20 KM<\/strong><\/em><\/span><\/h4>\n<\/li>\n \t<li dir=\"ltr\" aria-level=\"1\">\n<h4 dir=\"ltr\" role=\"presentation\"><span style=\"color: #ffffff;\"><em><strong>Dje\u010dije \u0161i\u0161anje (do 10 god) \u2013 10 KM<\/strong><\/em><\/span><\/h4>\n<\/li>\n \t<li dir=\"ltr\" aria-level=\"1\">\n<h4 dir=\"ltr\" role=\"presentation\"><span style=\"color: #ffffff;\"><em><strong>Obiteljsko \u0161i\u0161anje \u2013 3+1 gratis<\/strong><\/em><\/span><\/h4>\n<\/li>\n \t<li dir=\"ltr\" aria-level=\"1\">\n<h4 dir=\"ltr\" role=\"presentation\"><span style=\"color: #ffffff;\"><em><strong>Pranje kose \u2013 5 KM<\/strong><\/em><\/span><\/h4>\n<\/li>\n<\/ul>\t\t\t\t\t\t\t\t<\/div>\n\t\t\t\t<div class=\"elementor-element elementor-element-1f90ea3 elementor-widget elementor-widget-image\" data-id=\"1f90ea3\" data-element_type=\"widget\" data-e-type=\"widget\" data-widget_type=\"image.default\">\n\t\t\t\t\t\t\t\t\t\t\t\t\t\t\t<img decoding=\"async\" src=\"https:\/\/mfsmarin.com\/wp-content\/uploads\/2026\/03\/Marin-12.jpg\" title=\"\" alt=\"\" loading=\"lazy\" \/>\t\t\t\t\t\t\t\t\t\t\t\t\t\t\t<\/div>\n\t\t\t\t\t<\/div>\n\t\t\t\t<\/div>\n\t\t<div class=\"elementor-element elementor-element-09f7a7c e-grid e-con-boxed e-con e-parent\" data-id=\"09f7a7c\" data-element_type=\"container\" data-e-type=\"container\">\n\t\t\t\t\t<div class=\"e-con-inner\">\n\t\t\t\t<div class=\"elementor-element elementor-element-043f0b1 elementor-widget elementor-widget-google_maps\" data-id=\"043f0b1\" data-element_type=\"widget\" data-e-type=\"widget\" data-widget_type=\"google_maps.default\">\n\t\t\t\t\t\t\t<div class=\"elementor-custom-embed\">\n\t\t\t<iframe loading=\"lazy\"\n\t\t\t\t\tsrc=\"https:\/\/maps.google.com\/maps?q=Frizerski%20salon%20Marin%20Capljina&#038;t=m&#038;z=10&#038;output=embed&#038;iwloc=near\"\n\t\t\t\t\ttitle=\"Frizerski salon Marin Capljina\"\n\t\t\t\t\taria-label=\"Frizerski salon Marin Capljina\"\n\t\t\t><\/iframe>\n\t\t<\/div>\n\t\t\t\t\t\t<\/div>\n\t\t\t\t<div class=\"elementor-element elementor-element-205bb39 elementor-widget elementor-widget-text-editor\" data-id=\"205bb39\" data-element_type=\"widget\" data-e-type=\"widget\" data-widget_type=\"text-editor.default\">\n\t\t\t\t\t\t\t\t\t<h2 dir=\"ltr\"><span style=\"color: #ffffff;\">\ud83d\udcde <span style=\"text-decoration: underline;\"><em><strong><span style=\"color: #c7a300; text-decoration: underline;\">KONTAKT<\/span><\/strong><\/em><\/span><\/span><\/h2><h2 dir=\"ltr\"><span style=\"color: #ffffff; font-size: 16px;\">Email:<\/span><\/h2><h5 dir=\"ltr\"><span style=\"color: #ffffff;\">\u2709\ufe0f marinbunticc@yahoo.com<\/span><\/h5><p dir=\"ltr\"><span style=\"color: #ffffff;\">Adresa:<\/span><br \/><span style=\"color: #ffffff;\">\ud83d\udccd Zrinjsko Frankopanska, \u010capljina 88300<\/span><\/p><p dir=\"ltr\"><span style=\"color: #ffffff;\">Radno vrijeme:<\/span><br \/><span style=\"color: #ffffff;\"><br \/>\ud83d\udd52 Pon \u2013 Pet: 09:00 \u2013 17:00<\/span><br \/><span style=\"color: #ffffff;\"><br \/>\ud83d\udd52 Subota: 09:00 \u2013 13:00<\/span><br \/><span style=\"color: #ffffff;\">\ud83d\udeab Nedjelja i blagdani: NE RADIM<\/span><\/p><p dir=\"ltr\"><span style=\"color: #ffffff;\">\u26a0\ufe0f IZVANREDNA OBAVIJEST:\u00a0<\/span><\/p><p dir=\"ltr\"><span style=\"color: #ffffff;\">(Za sada nema nikakvih obavjesti o odmorima)\u00a0<\/span><\/p>\t\t\t\t\t\t\t\t<\/div>\n\t\t\t\t\t<\/div>\n\t\t\t\t<\/div>\n\t\t\t\t<\/div>\n\t\t","protected":false},"excerpt":{"rendered":"<p>https:\/\/mfsmarin.com\/wp-content\/uploads\/2026\/04\/Marin-pocetna-video.mp4#t=1,1 Savr\u0161ena frizura za svaki trenutak Va\u0161 stil,na\u0161a strast O nama Dobrodo\u0161li u na\u0161 &#8220;MU\u0160KI FRIZERSKI SALON MARIN&#8221; \u00a0mjesto gdje [&hellip;]<\/p>\n","protected":false},"author":1,"featured_media":0,"parent":0,"menu_order":0,"comment_status":"closed","ping_status":"closed","template":"","meta":{"site-sidebar-layout":"default","site-content-layout":"","ast-site-content-layout":"default","site-content-style":"default","site-sidebar-style":"default","ast-global-header-display":"","ast-banner-title-visibility":"","ast-main-header-display":"","ast-hfb-above-header-display":"","ast-hfb-below-header-display":"","ast-hfb-mobile-header-display":"","site-post-title":"disabled","ast-breadcrumbs-content":"","ast-featured-img":"","footer-sml-layout":"","ast-disable-related-posts":"","theme-transparent-header-meta":"disabled","adv-header-id-meta":"","stick-header-meta":"","header-above-stick-meta":"","header-main-stick-meta":"","header-below-stick-meta":"","astra-migrate-meta-layouts":"default","ast-page-background-enabled":"default","ast-page-background-meta":{"desktop":{"background-color":"var(--ast-global-color-5)","background-image":"","background-repeat":"repeat","background-position":"center center","background-size":"auto","background-attachment":"scroll","background-type":"","background-media":"","overlay-type":"","overlay-color":"","overlay-opacity":"","overlay-gradient":""},"tablet":{"background-color":"","background-image":"","background-repeat":"repeat","background-position":"center center","background-size":"auto","background-attachment":"scroll","background-type":"","background-media":"","overlay-type":"","overlay-color":"","overlay-opacity":"","overlay-gradient":""},"mobile":{"background-color":"","background-image":"","background-repeat":"repeat","background-position":"center center","background-size":"auto","background-attachment":"scroll","background-type":"","background-media":"","overlay-type":"","overlay-color":"","overlay-opacity":"","overlay-gradient":""}},"ast-content-background-meta":{"desktop":{"background-color":"var(--ast-global-color-4)","background-image":"","background-repeat":"repeat","background-position":"center center","background-size":"auto","background-attachment":"scroll","background-type":"","background-media":"","overlay-type":"","overlay-color":"","overlay-opacity":"","overlay-gradient":""},"tablet":{"background-color":"var(--ast-global-color-4)","background-image":"","background-repeat":"repeat","background-position":"center center","background-size":"auto","background-attachment":"scroll","background-type":"","background-media":"","overlay-type":"","overlay-color":"","overlay-opacity":"","overlay-gradient":""},"mobile":{"background-color":"var(--ast-global-color-4)","background-image":"","background-repeat":"repeat","background-position":"center center","background-size":"auto","background-attachment":"scroll","background-type":"","background-media":"","overlay-type":"","overlay-color":"","overlay-opacity":"","overlay-gradient":""}},"footnotes":""},"class_list":["post-6","page","type-page","status-publish","hentry"],"yoast_head":"<!-- This site is optimized with the Yoast SEO plugin v27.3 - https:\/\/yoast.com\/product\/yoast-seo-wordpress\/ -->\n<title>Po\u010detna - Mu\u0161ki frizerski salon Marin<\/title>\n<meta name=\"robots\" content=\"index, follow, max-snippet:-1, max-image-preview:large, max-video-preview:-1\" \/>\n<link rel=\"canonical\" href=\"https:\/\/mfsmarin.com\/\" \/>\n<meta property=\"og:locale\" content=\"hr_HR\" \/>\n<meta property=\"og:type\" content=\"article\" \/>\n<meta property=\"og:title\" content=\"Po\u010detna - Mu\u0161ki frizerski salon Marin\" \/>\n<meta property=\"og:description\" content=\"https:\/\/mfsmarin.com\/wp-content\/uploads\/2026\/04\/Marin-pocetna-video.mp4#t=1,1 Savr\u0161ena frizura za svaki trenutak Va\u0161 stil,na\u0161a strast O nama Dobrodo\u0161li u na\u0161 &#8220;MU\u0160KI FRIZERSKI SALON MARIN&#8221; \u00a0mjesto gdje [&hellip;]\" \/>\n<meta property=\"og:url\" content=\"https:\/\/mfsmarin.com\/\" \/>\n<meta property=\"og:site_name\" content=\"Mu\u0161ki frizerski salon Marin\" \/>\n<meta property=\"article:modified_time\" content=\"2026-04-08T21:05:50+00:00\" \/>\n<meta property=\"og:image\" content=\"http:\/\/mfsmarin.com\/wp-content\/uploads\/2026\/03\/naslovna-br.2-.jpg\" \/>\n<meta name=\"twitter:card\" content=\"summary_large_image\" \/>\n<meta name=\"twitter:label1\" content=\"Procijenjeno vrijeme \u010ditanja\" \/>\n\t<meta name=\"twitter:data1\" content=\"3 minute\" \/>\n<script type=\"application\/ld+json\" class=\"yoast-schema-graph\">{\"@context\":\"https:\\\/\\\/schema.org\",\"@graph\":[{\"@type\":\"WebPage\",\"@id\":\"https:\\\/\\\/mfsmarin.com\\\/\",\"url\":\"https:\\\/\\\/mfsmarin.com\\\/\",\"name\":\"Po\u010detna - Mu\u0161ki frizerski salon Marin\",\"isPartOf\":{\"@id\":\"https:\\\/\\\/mfsmarin.com\\\/#website\"},\"primaryImageOfPage\":{\"@id\":\"https:\\\/\\\/mfsmarin.com\\\/#primaryimage\"},\"image\":{\"@id\":\"https:\\\/\\\/mfsmarin.com\\\/#primaryimage\"},\"thumbnailUrl\":\"http:\\\/\\\/mfsmarin.com\\\/wp-content\\\/uploads\\\/2026\\\/03\\\/naslovna-br.2-.jpg\",\"datePublished\":\"2026-03-26T18:06:27+00:00\",\"dateModified\":\"2026-04-08T21:05:50+00:00\",\"breadcrumb\":{\"@id\":\"https:\\\/\\\/mfsmarin.com\\\/#breadcrumb\"},\"inLanguage\":\"hr\",\"potentialAction\":[{\"@type\":\"ReadAction\",\"target\":[\"https:\\\/\\\/mfsmarin.com\\\/\"]}]},{\"@type\":\"ImageObject\",\"inLanguage\":\"hr\",\"@id\":\"https:\\\/\\\/mfsmarin.com\\\/#primaryimage\",\"url\":\"http:\\\/\\\/mfsmarin.com\\\/wp-content\\\/uploads\\\/2026\\\/03\\\/naslovna-br.2-.jpg\",\"contentUrl\":\"http:\\\/\\\/mfsmarin.com\\\/wp-content\\\/uploads\\\/2026\\\/03\\\/naslovna-br.2-.jpg\"},{\"@type\":\"BreadcrumbList\",\"@id\":\"https:\\\/\\\/mfsmarin.com\\\/#breadcrumb\",\"itemListElement\":[{\"@type\":\"ListItem\",\"position\":1,\"name\":\"Po\u010detna stranica\",\"item\":\"https:\\\/\\\/mfsmarin.com\\\/\"},{\"@type\":\"ListItem\",\"position\":2,\"name\":\"Po\u010detna\"}]},{\"@type\":\"WebSite\",\"@id\":\"https:\\\/\\\/mfsmarin.com\\\/#website\",\"url\":\"https:\\\/\\\/mfsmarin.com\\\/\",\"name\":\"Mu\u0161ki frizerski salon Marin\",\"description\":\"Va\u0161 stil na\u0161a strast - Savr\u0161ena frizura za svaki trenutak\",\"publisher\":{\"@id\":\"https:\\\/\\\/mfsmarin.com\\\/#organization\"},\"potentialAction\":[{\"@type\":\"SearchAction\",\"target\":{\"@type\":\"EntryPoint\",\"urlTemplate\":\"https:\\\/\\\/mfsmarin.com\\\/?s={search_term_string}\"},\"query-input\":{\"@type\":\"PropertyValueSpecification\",\"valueRequired\":true,\"valueName\":\"search_term_string\"}}],\"inLanguage\":\"hr\"},{\"@type\":\"Organization\",\"@id\":\"https:\\\/\\\/mfsmarin.com\\\/#organization\",\"name\":\"Mu\u0161ki frizerski salon Marin\",\"url\":\"https:\\\/\\\/mfsmarin.com\\\/\",\"logo\":{\"@type\":\"ImageObject\",\"inLanguage\":\"hr\",\"@id\":\"https:\\\/\\\/mfsmarin.com\\\/#\\\/schema\\\/logo\\\/image\\\/\",\"url\":\"https:\\\/\\\/mfsmarin.com\\\/wp-content\\\/uploads\\\/2026\\\/03\\\/Marin-logo.jpeg\",\"contentUrl\":\"https:\\\/\\\/mfsmarin.com\\\/wp-content\\\/uploads\\\/2026\\\/03\\\/Marin-logo.jpeg\",\"width\":1024,\"height\":1024,\"caption\":\"Mu\u0161ki frizerski salon Marin\"},\"image\":{\"@id\":\"https:\\\/\\\/mfsmarin.com\\\/#\\\/schema\\\/logo\\\/image\\\/\"},\"sameAs\":[\"https:\\\/\\\/www.instagram.com\\\/frizerski.salon.marin\\\/\"]}]}<\/script>\n<!-- \/ Yoast SEO plugin. -->","yoast_head_json":{"title":"Po\u010detna - Mu\u0161ki frizerski salon Marin","robots":{"index":"index","follow":"follow","max-snippet":"max-snippet:-1","max-image-preview":"max-image-preview:large","max-video-preview":"max-video-preview:-1"},"canonical":"https:\/\/mfsmarin.com\/","og_locale":"hr_HR","og_type":"article","og_title":"Po\u010detna - Mu\u0161ki frizerski salon Marin","og_description":"https:\/\/mfsmarin.com\/wp-content\/uploads\/2026\/04\/Marin-pocetna-video.mp4#t=1,1 Savr\u0161ena frizura za svaki trenutak Va\u0161 stil,na\u0161a strast O nama Dobrodo\u0161li u na\u0161 &#8220;MU\u0160KI FRIZERSKI SALON MARIN&#8221; \u00a0mjesto gdje [&hellip;]","og_url":"https:\/\/mfsmarin.com\/","og_site_name":"Mu\u0161ki frizerski salon Marin","article_modified_time":"2026-04-08T21:05:50+00:00","og_image":[{"url":"http:\/\/mfsmarin.com\/wp-content\/uploads\/2026\/03\/naslovna-br.2-.jpg","type":"","width":"","height":""}],"twitter_card":"summary_large_image","twitter_misc":{"Procijenjeno vrijeme \u010ditanja":"3 minute"},"schema":{"@context":"https:\/\/schema.org","@graph":[{"@type":"WebPage","@id":"https:\/\/mfsmarin.com\/","url":"https:\/\/mfsmarin.com\/","name":"Po\u010detna - Mu\u0161ki frizerski salon Marin","isPartOf":{"@id":"https:\/\/mfsmarin.com\/#website"},"primaryImageOfPage":{"@id":"https:\/\/mfsmarin.com\/#primaryimage"},"image":{"@id":"https:\/\/mfsmarin.com\/#primaryimage"},"thumbnailUrl":"http:\/\/mfsmarin.com\/wp-content\/uploads\/2026\/03\/naslovna-br.2-.jpg","datePublished":"2026-03-26T18:06:27+00:00","dateModified":"2026-04-08T21:05:50+00:00","breadcrumb":{"@id":"https:\/\/mfsmarin.com\/#breadcrumb"},"inLanguage":"hr","potentialAction":[{"@type":"ReadAction","target":["https:\/\/mfsmarin.com\/"]}]},{"@type":"ImageObject","inLanguage":"hr","@id":"https:\/\/mfsmarin.com\/#primaryimage","url":"http:\/\/mfsmarin.com\/wp-content\/uploads\/2026\/03\/naslovna-br.2-.jpg","contentUrl":"http:\/\/mfsmarin.com\/wp-content\/uploads\/2026\/03\/naslovna-br.2-.jpg"},{"@type":"BreadcrumbList","@id":"https:\/\/mfsmarin.com\/#breadcrumb","itemListElement":[{"@type":"ListItem","position":1,"name":"Po\u010detna stranica","item":"https:\/\/mfsmarin.com\/"},{"@type":"ListItem","position":2,"name":"Po\u010detna"}]},{"@type":"WebSite","@id":"https:\/\/mfsmarin.com\/#website","url":"https:\/\/mfsmarin.com\/","name":"Mu\u0161ki frizerski salon Marin","description":"Va\u0161 stil na\u0161a strast - Savr\u0161ena frizura za svaki trenutak","publisher":{"@id":"https:\/\/mfsmarin.com\/#organization"},"potentialAction":[{"@type":"SearchAction","target":{"@type":"EntryPoint","urlTemplate":"https:\/\/mfsmarin.com\/?s={search_term_string}"},"query-input":{"@type":"PropertyValueSpecification","valueRequired":true,"valueName":"search_term_string"}}],"inLanguage":"hr"},{"@type":"Organization","@id":"https:\/\/mfsmarin.com\/#organization","name":"Mu\u0161ki frizerski salon Marin","url":"https:\/\/mfsmarin.com\/","logo":{"@type":"ImageObject","inLanguage":"hr","@id":"https:\/\/mfsmarin.com\/#\/schema\/logo\/image\/","url":"https:\/\/mfsmarin.com\/wp-content\/uploads\/2026\/03\/Marin-logo.jpeg","contentUrl":"https:\/\/mfsmarin.com\/wp-content\/uploads\/2026\/03\/Marin-logo.jpeg","width":1024,"height":1024,"caption":"Mu\u0161ki frizerski salon Marin"},"image":{"@id":"https:\/\/mfsmarin.com\/#\/schema\/logo\/image\/"},"sameAs":["https:\/\/www.instagram.com\/frizerski.salon.marin\/"]}]}},"_hostinger_reach_plugin_has_subscription_block":false,"_hostinger_reach_plugin_is_elementor":false,"_links":{"self":[{"href":"https:\/\/mfsmarin.com\/index.php?rest_route=\/wp\/v2\/pages\/6","targetHints":{"allow":["GET"]}}],"collection":[{"href":"https:\/\/mfsmarin.com\/index.php?rest_route=\/wp\/v2\/pages"}],"about":[{"href":"https:\/\/mfsmarin.com\/index.php?rest_route=\/wp\/v2\/types\/page"}],"author":[{"embeddable":true,"href":"https:\/\/mfsmarin.com\/index.php?rest_route=\/wp\/v2\/users\/1"}],"replies":[{"embeddable":true,"href":"https:\/\/mfsmarin.com\/index.php?rest_route=%2Fwp%2Fv2%2Fcomments&post=6"}],"version-history":[{"count":219,"href":"https:\/\/mfsmarin.com\/index.php?rest_route=\/wp\/v2\/pages\/6\/revisions"}],"predecessor-version":[{"id":538,"href":"https:\/\/mfsmarin.com\/index.php?rest_route=\/wp\/v2\/pages\/6\/revisions\/538"}],"wp:attachment":[{"href":"https:\/\/mfsmarin.com\/index.php?rest_route=%2Fwp%2Fv2%2Fmedia&parent=6"}],"curies":[{"name":"wp","href":"https:\/\/api.w.org\/{rel}","templated":true}]}}